{"id":545,"date":"2024-07-29T19:13:01","date_gmt":"2024-07-29T19:13:01","guid":{"rendered":"https:\/\/grassysports.ee\/?page_id=545"},"modified":"2025-05-27T08:40:54","modified_gmt":"2025-05-27T08:40:54","slug":"muugitingimused","status":"publish","type":"page","link":"https:\/\/grassysports.ee\/en\/muugitingimused\/","title":{"rendered":"Sales Terms and Conditions"},"content":{"rendered":"<div data-elementor-type=\"wp-page\" data-elementor-id=\"545\" class=\"elementor elementor-545\">\n\t\t\t\t<div class=\"elementor-element elementor-element-037ad9c e-con-full e-flex e-con e-parent\" data-id=\"037ad9c\" data-element_type=\"container\">\n\t\t\t\t<div class=\"elementor-element elementor-element-33aca31 elementor-widget elementor-widget-heading\" data-id=\"33aca31\" data-element_type=\"widget\" data-widget_type=\"heading.default\">\n\t\t\t\t<div class=\"elementor-widget-container\">\n\t\t\t\t\t<h2 class=\"elementor-heading-title elementor-size-default\">Sales Terms and Conditions<\/h2>\t\t\t\t<\/div>\n\t\t\t\t<\/div>\n\t\t\t\t<\/div>\n\t\t<div class=\"elementor-element elementor-element-4f7afd7 e-flex e-con-boxed e-con e-parent\" data-id=\"4f7afd7\" data-element_type=\"container\">\n\t\t\t\t\t<div class=\"e-con-inner\">\n\t\t\t\t<div class=\"elementor-element elementor-element-147cd01 elementor-widget elementor-widget-text-editor\" data-id=\"147cd01\" data-element_type=\"widget\" data-widget_type=\"text-editor.default\">\n\t\t\t\t<div class=\"elementor-widget-container\">\n\t\t\t\t\t\t\t\t\t<h4 class=\"wp-block-heading\">1. Validity of Sales Terms<\/h4><p style=\"padding-left: 40px;\">1.1 These sales terms apply to the rights and obligations arising from the purchase of products between the customers (hereinafter Buyer) of the grassysports.ee online store (hereinafter Store) and Grassy Sports O\u00dc.<br \/>1.2 The owner of the Store is Grassy Sports O\u00dc (17019446).<\/p><h4 class=\"wp-block-heading\">2. Payment<\/h4><p style=\"padding-left: 40px;\">2.1 Poes m\u00fc\u00fcdavate toodete hinnad on m\u00e4rgitud toodete juurde. Hinnas sisaldub transport Poest Ostjani Eesti piires kullerteenuse n\u00e4ol.<br \/>2.2 Product information is provided next to the products in the Store.<br \/>2.3 Toodete eest tasumine toimub kas koheselt pangalingi kaudu v\u00f5i arve alusel panga\u00fclekandega. Pangalingi kaudu tasumisel suunatakse Ostja turvalisse EveryPay maksekeskkonda, kus saab maksta mugavalt Eesti suuremate pankade kaudu. Arve alusel tasumisel saadetakse Ostjale e-mailile vastav arve.<\/p><h4 class=\"wp-block-heading\">3. Order Processing<\/h4><p style=\"padding-left: 40px;\">3.1 Toodete tellimiseks tuleb lisada soovitud tooted ostukorvi. Tellimuse vormistamiseks tuleb t\u00e4ita n\u00f5utud v\u00e4ljad ning tellimuse kinnitamiseks vajutada nupule \u201eEsita tellimus\u201c. Seej\u00e4rel saab Ostja valida sobiva makseviisi: tasumine pangalingi kaudu v\u00f5i arve alusel. Pangalingi valimisel suunatakse Ostja koheselt maksele, arve valimisel saadetakse e-mailile arve.<br \/>3.2 Products will be dispatched after the invoice amount is received in the Store\u2019s bank account. Shipments generally reach the recipient within 1-4 working days from the payment of the invoice.<br \/>3.3 If the ordered products cannot be delivered due to the product being out of stock or for other reasons, the Buyer will be notified as soon as possible, and the paid money will be refunded promptly, but no later than 14 days from the notification.<br \/>3.4 The sales contract is effective from the moment the payment for the order is received in the Store\u2019s bank account.<\/p><h4 class=\"wp-block-heading\">4. Product Returns<\/h4><p style=\"padding-left: 40px;\">4.1 Products purchased from the Store have a 14-day return policy from the date of receipt. The return policy does not apply if the Buyer is a legal entity.<br \/>4.2 To return products, send a withdrawal notice to info@grassysports.ee within 14 days of receiving the products.<br \/>4.3 Return shipping costs are borne by the Buyer, unless the return is due to the fact that the returned product does not match what was ordered (e.g., wrong product, defective product).<br \/>4.4 Returned products must be unused and in their original, intact, and undamaged packaging.<br \/>4.5 The 14-day return policy does not apply to products if:<br \/>\u00a0 \u00a04.5.1 The product has mechanical damage or is broken (e.g., due to falling);<br \/>\u00a0 \u00a04.5.2 It is normal wear and tear or defects that do not impair the value or use of the item.<br \/>4.6 The Store will refund all fees received from the Buyer for the order upon receipt of the returned products, but no later than 14 days from the receipt of the withdrawal notice. The refund will be made to the same bank account from which the payment was received.<br \/>4.7 The Store may refuse to issue a refund until the products are returned or the Buyer has provided proof that the products have been sent back, whichever occurs first.<br \/>4.8 The Store has the right to cancel the sales contract and request the return of the products if the price of the products in the online store is significantly below the market price due to a mistake.<\/p><h4 class=\"wp-block-heading\">5. Right to Submit Claims<\/h4><p style=\"padding-left: 40px;\">5.1 The Store is responsible for any non-compliance or defects in the products sold to the Buyer that were present at the time of transfer and which become apparent within two years from the delivery of the products to the Buyer. Within the first six months, it is presumed that the defect was present at the time of transfer. It is the Store\u2019s obligation to refute this presumption.<br \/>5.2 The Buyer has the right to submit a claim within two months of discovering the defect by sending an email to info@grassysports.ee. <a href=\"mailto:info@grassysports.ee\">info@grassysports.ee<\/a>.<br \/>5.3 The claim should include:<br \/>\u00a0 \u00a05.3.1 The Buyer\u2019s name, contact details, and order date;<br \/>\u00a0 \u00a05.3.2 The date of the complaint;<br \/>\u00a0 \u00a05.3.3 The reason for the complaint;<br \/>\u00a0 \u00a05.3.4 The claim made to the Store.<br \/>5.4 The Store is not responsible for defects that occur after the transfer of the products to the Buyer.<br \/>5.5 If the products purchased from the Store have defects for which the Store is responsible, the Store will repair or replace the defective products. If the products cannot be repaired or replaced, the Store will refund the Buyer the entire amount paid under the sales contract.<br \/>5.6 The Store will respond to the Buyer\u2019s complaint in writing or in a form that can be reproduced in writing within 15 days.<br \/>5.7 If the Buyer and the Store cannot resolve the dispute through an agreement, the Buyer can turn to the Consumer Disputes Committee.<\/p>\t\t\t\t\t\t\t\t<\/div>\n\t\t\t\t<\/div>\n\t\t\t\t\t<\/div>\n\t\t\t\t<\/div>\n\t\t\t\t<\/div>","protected":false},"excerpt":{"rendered":"<p>M\u00fc\u00fcgitingimused 1. M\u00fc\u00fcgitingimuste kehtivus 1.1 M\u00fc\u00fcgitingimused kehtivad grassysports.ee veebipoe (edaspidi Pood) klientide (edaspidi Ostja) ja Grassy Sports O\u00dc vahel toodete [&hellip;]<\/p>","protected":false},"author":1,"featured_media":0,"parent":0,"menu_order":0,"comment_status":"closed","ping_status":"closed","template":"","meta":{"site-sidebar-layout":"no-sidebar","site-content-layout":"","ast-site-content-layout":"full-width-container","site-content-style":"default","site-sidebar-style":"default","ast-global-header-display":"","ast-banner-title-visibility":"","ast-main-header-display":"","ast-hfb-above-header-display":"","ast-hfb-below-header-display":"","ast-hfb-mobile-header-display":"","site-post-title":"disabled","ast-breadcrumbs-content":"","ast-featured-img":"disabled","footer-sml-layout":"","ast-disable-related-posts":"","theme-transparent-header-meta":"","adv-header-id-meta":"","stick-header-meta":"","header-above-stick-meta":"","header-main-stick-meta":"","header-below-stick-meta":"","astra-migrate-meta-layouts":"default","ast-page-background-enabled":"default","ast-page-background-meta":{"desktop":{"background-color":"var(--ast-global-color-4)","background-image":"","background-repeat":"repeat","background-position":"center center","background-size":"auto","background-attachment":"scroll","background-type":"","background-media":"","overlay-type":"","overlay-color":"","overlay-opacity":"","overlay-gradient":""},"tablet":{"background-color":"","background-image":"","background-repeat":"repeat","background-position":"center center","background-size":"auto","background-attachment":"scroll","background-type":"","background-media":"","overlay-type":"","overlay-color":"","overlay-opacity":"","overlay-gradient":""},"mobile":{"background-color":"","background-image":"","background-repeat":"repeat","background-position":"center center","background-size":"auto","background-attachment":"scroll","background-type":"","background-media":"","overlay-type":"","overlay-color":"","overlay-opacity":"","overlay-gradient":""}},"ast-content-background-meta":{"desktop":{"background-color":"var(--ast-global-color-5)","background-image":"","background-repeat":"repeat","background-position":"center center","background-size":"auto","background-attachment":"scroll","background-type":"","background-media":"","overlay-type":"","overlay-color":"","overlay-opacity":"","overlay-gradient":""},"tablet":{"background-color":"var(--ast-global-color-5)","background-image":"","background-repeat":"repeat","background-position":"center center","background-size":"auto","background-attachment":"scroll","background-type":"","background-media":"","overlay-type":"","overlay-color":"","overlay-opacity":"","overlay-gradient":""},"mobile":{"background-color":"var(--ast-global-color-5)","background-image":"","background-repeat":"repeat","background-position":"center center","background-size":"auto","background-attachment":"scroll","background-type":"","background-media":"","overlay-type":"","overlay-color":"","overlay-opacity":"","overlay-gradient":""}},"footnotes":""},"class_list":["post-545","page","type-page","status-publish","hentry"],"yoast_head":"<!-- This site is optimized with the Yoast SEO plugin v26.8 - https:\/\/yoast.com\/product\/yoast-seo-wordpress\/ -->\n<title>M\u00fc\u00fcgitingimused - Grassy Sports<\/title>\n<meta name=\"robots\" content=\"index, follow, max-snippet:-1, max-image-preview:large, max-video-preview:-1\" \/>\n<link rel=\"canonical\" href=\"https:\/\/grassysports.ee\/en\/muugitingimused\/\" \/>\n<meta property=\"og:locale\" content=\"en_GB\" \/>\n<meta property=\"og:type\" content=\"article\" \/>\n<meta property=\"og:title\" content=\"M\u00fc\u00fcgitingimused - Grassy Sports\" \/>\n<meta property=\"og:description\" content=\"M\u00fc\u00fcgitingimused 1. M\u00fc\u00fcgitingimuste kehtivus 1.1 M\u00fc\u00fcgitingimused kehtivad grassysports.ee veebipoe (edaspidi Pood) klientide (edaspidi Ostja) ja Grassy Sports O\u00dc vahel toodete [&hellip;]\" \/>\n<meta property=\"og:url\" content=\"https:\/\/grassysports.ee\/en\/muugitingimused\/\" \/>\n<meta property=\"og:site_name\" content=\"Grassy Sports\" \/>\n<meta property=\"article:modified_time\" content=\"2025-05-27T08:40:54+00:00\" \/>\n<meta name=\"twitter:card\" content=\"summary_large_image\" \/>\n<meta name=\"twitter:label1\" content=\"Estimated reading time\" \/>\n\t<meta name=\"twitter:data1\" content=\"4 minutes\" \/>\n<script type=\"application\/ld+json\" class=\"yoast-schema-graph\">{\"@context\":\"https:\/\/schema.org\",\"@graph\":[{\"@type\":\"WebPage\",\"@id\":\"https:\/\/grassysports.ee\/muugitingimused\/\",\"url\":\"https:\/\/grassysports.ee\/muugitingimused\/\",\"name\":\"M\u00fc\u00fcgitingimused - Grassy Sports\",\"isPartOf\":{\"@id\":\"https:\/\/grassysports.ee\/#website\"},\"datePublished\":\"2024-07-29T19:13:01+00:00\",\"dateModified\":\"2025-05-27T08:40:54+00:00\",\"breadcrumb\":{\"@id\":\"https:\/\/grassysports.ee\/muugitingimused\/#breadcrumb\"},\"inLanguage\":\"en-GB\",\"potentialAction\":[{\"@type\":\"ReadAction\",\"target\":[\"https:\/\/grassysports.ee\/muugitingimused\/\"]}]},{\"@type\":\"BreadcrumbList\",\"@id\":\"https:\/\/grassysports.ee\/muugitingimused\/#breadcrumb\",\"itemListElement\":[{\"@type\":\"ListItem\",\"position\":1,\"name\":\"Home\",\"item\":\"https:\/\/www.grassysports.ee\/\"},{\"@type\":\"ListItem\",\"position\":2,\"name\":\"M\u00fc\u00fcgitingimused\"}]},{\"@type\":\"WebSite\",\"@id\":\"https:\/\/grassysports.ee\/#website\",\"url\":\"https:\/\/grassysports.ee\/\",\"name\":\"Grassy Sports\",\"description\":\"\",\"publisher\":{\"@id\":\"https:\/\/grassysports.ee\/#organization\"},\"potentialAction\":[{\"@type\":\"SearchAction\",\"target\":{\"@type\":\"EntryPoint\",\"urlTemplate\":\"https:\/\/grassysports.ee\/?s={search_term_string}\"},\"query-input\":{\"@type\":\"PropertyValueSpecification\",\"valueRequired\":true,\"valueName\":\"search_term_string\"}}],\"inLanguage\":\"en-GB\"},{\"@type\":\"Organization\",\"@id\":\"https:\/\/grassysports.ee\/#organization\",\"name\":\"Grassy Sports\",\"url\":\"https:\/\/grassysports.ee\/\",\"logo\":{\"@type\":\"ImageObject\",\"inLanguage\":\"en-GB\",\"@id\":\"https:\/\/grassysports.ee\/#\/schema\/logo\/image\/\",\"url\":\"https:\/\/grassysports.ee\/wp-content\/uploads\/2024\/07\/cropped-cropped-Transparent-Logo.png\",\"contentUrl\":\"https:\/\/grassysports.ee\/wp-content\/uploads\/2024\/07\/cropped-cropped-Transparent-Logo.png\",\"width\":1726,\"height\":1698,\"caption\":\"Grassy Sports\"},\"image\":{\"@id\":\"https:\/\/grassysports.ee\/#\/schema\/logo\/image\/\"}}]}<\/script>\n<!-- \/ Yoast SEO plugin. -->","yoast_head_json":{"title":"M\u00fc\u00fcgitingimused - Grassy Sports","robots":{"index":"index","follow":"follow","max-snippet":"max-snippet:-1","max-image-preview":"max-image-preview:large","max-video-preview":"max-video-preview:-1"},"canonical":"https:\/\/grassysports.ee\/en\/muugitingimused\/","og_locale":"en_GB","og_type":"article","og_title":"M\u00fc\u00fcgitingimused - Grassy Sports","og_description":"M\u00fc\u00fcgitingimused 1. M\u00fc\u00fcgitingimuste kehtivus 1.1 M\u00fc\u00fcgitingimused kehtivad grassysports.ee veebipoe (edaspidi Pood) klientide (edaspidi Ostja) ja Grassy Sports O\u00dc vahel toodete [&hellip;]","og_url":"https:\/\/grassysports.ee\/en\/muugitingimused\/","og_site_name":"Grassy Sports","article_modified_time":"2025-05-27T08:40:54+00:00","twitter_card":"summary_large_image","twitter_misc":{"Estimated reading time":"4 minutes"},"schema":{"@context":"https:\/\/schema.org","@graph":[{"@type":"WebPage","@id":"https:\/\/grassysports.ee\/muugitingimused\/","url":"https:\/\/grassysports.ee\/muugitingimused\/","name":"M\u00fc\u00fcgitingimused - Grassy Sports","isPartOf":{"@id":"https:\/\/grassysports.ee\/#website"},"datePublished":"2024-07-29T19:13:01+00:00","dateModified":"2025-05-27T08:40:54+00:00","breadcrumb":{"@id":"https:\/\/grassysports.ee\/muugitingimused\/#breadcrumb"},"inLanguage":"en-GB","potentialAction":[{"@type":"ReadAction","target":["https:\/\/grassysports.ee\/muugitingimused\/"]}]},{"@type":"BreadcrumbList","@id":"https:\/\/grassysports.ee\/muugitingimused\/#breadcrumb","itemListElement":[{"@type":"ListItem","position":1,"name":"Home","item":"https:\/\/www.grassysports.ee\/"},{"@type":"ListItem","position":2,"name":"M\u00fc\u00fcgitingimused"}]},{"@type":"WebSite","@id":"https:\/\/grassysports.ee\/#website","url":"https:\/\/grassysports.ee\/","name":"Grassy Sports","description":"","publisher":{"@id":"https:\/\/grassysports.ee\/#organization"},"potentialAction":[{"@type":"SearchAction","target":{"@type":"EntryPoint","urlTemplate":"https:\/\/grassysports.ee\/?s={search_term_string}"},"query-input":{"@type":"PropertyValueSpecification","valueRequired":true,"valueName":"search_term_string"}}],"inLanguage":"en-GB"},{"@type":"Organization","@id":"https:\/\/grassysports.ee\/#organization","name":"Grassy Sports","url":"https:\/\/grassysports.ee\/","logo":{"@type":"ImageObject","inLanguage":"en-GB","@id":"https:\/\/grassysports.ee\/#\/schema\/logo\/image\/","url":"https:\/\/grassysports.ee\/wp-content\/uploads\/2024\/07\/cropped-cropped-Transparent-Logo.png","contentUrl":"https:\/\/grassysports.ee\/wp-content\/uploads\/2024\/07\/cropped-cropped-Transparent-Logo.png","width":1726,"height":1698,"caption":"Grassy Sports"},"image":{"@id":"https:\/\/grassysports.ee\/#\/schema\/logo\/image\/"}}]}},"jetpack_sharing_enabled":true,"_links":{"self":[{"href":"https:\/\/grassysports.ee\/en\/wp-json\/wp\/v2\/pages\/545","targetHints":{"allow":["GET"]}}],"collection":[{"href":"https:\/\/grassysports.ee\/en\/wp-json\/wp\/v2\/pages"}],"about":[{"href":"https:\/\/grassysports.ee\/en\/wp-json\/wp\/v2\/types\/page"}],"author":[{"embeddable":true,"href":"https:\/\/grassysports.ee\/en\/wp-json\/wp\/v2\/users\/1"}],"replies":[{"embeddable":true,"href":"https:\/\/grassysports.ee\/en\/wp-json\/wp\/v2\/comments?post=545"}],"version-history":[{"count":5,"href":"https:\/\/grassysports.ee\/en\/wp-json\/wp\/v2\/pages\/545\/revisions"}],"predecessor-version":[{"id":1020,"href":"https:\/\/grassysports.ee\/en\/wp-json\/wp\/v2\/pages\/545\/revisions\/1020"}],"wp:attachment":[{"href":"https:\/\/grassysports.ee\/en\/wp-json\/wp\/v2\/media?parent=545"}],"curies":[{"name":"wp","href":"https:\/\/api.w.org\/{rel}","templated":true}]}}