{"id":619,"date":"2024-07-30T12:15:50","date_gmt":"2024-07-30T12:15:50","guid":{"rendered":"https:\/\/grassysports.ee\/?page_id=619"},"modified":"2025-05-27T08:37:18","modified_gmt":"2025-05-27T08:37:18","slug":"privaatsuspoliitika","status":"publish","type":"page","link":"https:\/\/grassysports.ee\/en\/privaatsuspoliitika\/","title":{"rendered":"Privacy Policy"},"content":{"rendered":"<div data-elementor-type=\"wp-page\" data-elementor-id=\"619\" class=\"elementor elementor-619\">\n\t\t\t\t<div class=\"elementor-element elementor-element-5f3ae55 e-con-full e-flex e-con e-parent\" data-id=\"5f3ae55\" data-element_type=\"container\" data-settings=\"{&quot;background_background&quot;:&quot;classic&quot;}\">\n\t\t\t\t<div class=\"elementor-element elementor-element-db16d3d elementor-widget elementor-widget-heading\" data-id=\"db16d3d\" data-element_type=\"widget\" data-widget_type=\"heading.default\">\n\t\t\t\t<div class=\"elementor-widget-container\">\n\t\t\t\t\t<h2 class=\"elementor-heading-title elementor-size-default\">Privacy Policy<\/h2>\t\t\t\t<\/div>\n\t\t\t\t<\/div>\n\t\t\t\t<\/div>\n\t\t<div class=\"elementor-element elementor-element-f91f850 e-flex e-con-boxed e-con e-parent\" data-id=\"f91f850\" data-element_type=\"container\">\n\t\t\t\t\t<div class=\"e-con-inner\">\n\t\t\t\t<div class=\"elementor-element elementor-element-23b8f03 elementor-widget elementor-widget-text-editor\" data-id=\"23b8f03\" data-element_type=\"widget\" data-widget_type=\"text-editor.default\">\n\t\t\t\t<div class=\"elementor-widget-container\">\n\t\t\t\t\t\t\t\t\t<h4>1. General Provisions<\/h4><p>K\u00e4esolev privaatsuspoliitika m\u00e4\u00e4rab kindlaks, kuidas Grassy Sports O\u00dc (edaspidi &#8220;Ettev\u00f5te&#8221;), kes on PaddleSmash m\u00e4ngu ametlik edasim\u00fc\u00fcja ja maaletooja Eestis, kogub, kasutab, s\u00e4ilitab ja avaldab teavet, mida Teie (edaspidi &#8220;Klient&#8221;) meie e-poe kaudu (edaspidi &#8220;E-pood&#8221;) esitate.<\/p><h4>2. Collected Data<\/h4><p>When placing an order, we request the following information from the Customer:<\/p><ul><li>First and last name<\/li><li>Company name (optional)<\/li><li>Country<\/li><li>Street and house number<\/li><li>Postal code<\/li><li>City\/Town\/Village<\/li><li>Email address<\/li><li>Phone number<\/li><\/ul><h4>3. Use of Data<\/h4><p>The collected data is used for the following purposes:<\/p><ul><li>Processing and delivering orders<\/li><li>Preparing and sending invoices<\/li><li>Communicating with the Customer during the order fulfillment process<\/li><\/ul><h4>4. Payment Terms<\/h4><p>Peale tellimuse esitamist saab Klient valida sobiva makseviisi: tasumine pangalingi kaudu v\u00f5i ettemaksuarve alusel panga\u00fclekandega. Pangalingi kasutamisel suunatakse Klient turvalisse EveryPay maksekeskkonda, kus saab tasuda kiiresti ja mugavalt valitud panga kaudu. Arvega tasumise valimisel saadetakse Kliendile e-maili teel arve. \u00dclekande tegemisel tuleb kasutada arvel m\u00e4rgitud pangakontot ning \u00fclekande selgitusse m\u00e4rkida nimi ja arve number. Toode saadetakse v\u00e4lja peale makse laekumist.<\/p><h4>5. Cookies<\/h4><p>We use cookies to improve the Customer's experience on our Online Store. Cookies help us remember the Customer's preferences and provide a smoother and more personalized service.<\/p><h4>6. Data Protection and Retention<\/h4><p>The Company retains the Customer's personal data until the purpose of processing is fulfilled or the basis for processing no longer applies. The Company will not retain data beyond the expiration of statutory retention periods or as long as necessary to resolve potential claims and legal disputes.<\/p><h4>7. Customer Rights<\/h4><p>The Customer has the following rights regarding the Company, subject to limitations arising from data protection laws and conditions for exercising these rights:<\/p><ul><li>The right to access information about their personal data being processed;<\/li><li>The right to correct personal data if it is inaccurate;<\/li><li>The right to request deletion of personal data;<\/li><li>The right to request restriction of personal data processing;<\/li><li>The right to object to the processing of personal data;<\/li><li>The right to obtain information about the right to data portability;<\/li><li>The right to refuse further data processing.<\/li><\/ul><h4>8. Changes to the Privacy Policy<\/h4><p>The Company reserves the right to amend this privacy policy. All changes will be published on our Online Store's website.<\/p><h4>9. Contact Information<\/h4><p>If you have any questions about this privacy policy, please contact us at <a href=\"mailto:info@grassysports.ee\">info@grassysports.ee<\/a><\/p>\t\t\t\t\t\t\t\t<\/div>\n\t\t\t\t<\/div>\n\t\t\t\t\t<\/div>\n\t\t\t\t<\/div>\n\t\t\t\t<\/div>","protected":false},"excerpt":{"rendered":"<p>Privaatsuspoliitika 1. \u00dclds\u00e4tted K\u00e4esolev privaatsuspoliitika m\u00e4\u00e4rab kindlaks, kuidas Grassy Sports O\u00dc (edaspidi &#8220;Ettev\u00f5te&#8221;), kes on PaddleSmash m\u00e4ngu ametlik edasim\u00fc\u00fcja ja [&hellip;]<\/p>","protected":false},"author":1,"featured_media":0,"parent":0,"menu_order":0,"comment_status":"closed","ping_status":"closed","template":"","meta":{"site-sidebar-layout":"no-sidebar","site-content-layout":"","ast-site-content-layout":"full-width-container","site-content-style":"default","site-sidebar-style":"default","ast-global-header-display":"","ast-banner-title-visibility":"","ast-main-header-display":"","ast-hfb-above-header-display":"","ast-hfb-below-header-display":"","ast-hfb-mobile-header-display":"","site-post-title":"disabled","ast-breadcrumbs-content":"","ast-featured-img":"disabled","footer-sml-layout":"","ast-disable-related-posts":"","theme-transparent-header-meta":"default","adv-header-id-meta":"","stick-header-meta":"","header-above-stick-meta":"","header-main-stick-meta":"","header-below-stick-meta":"","astra-migrate-meta-layouts":"set","ast-page-background-enabled":"default","ast-page-background-meta":{"desktop":{"background-color":"var(--ast-global-color-4)","background-image":"","background-repeat":"repeat","background-position":"center center","background-size":"auto","background-attachment":"scroll","background-type":"","background-media":"","overlay-type":"","overlay-color":"","overlay-opacity":"","overlay-gradient":""},"tablet":{"background-color":"","background-image":"","background-repeat":"repeat","background-position":"center center","background-size":"auto","background-attachment":"scroll","background-type":"","background-media":"","overlay-type":"","overlay-color":"","overlay-opacity":"","overlay-gradient":""},"mobile":{"background-color":"","background-image":"","background-repeat":"repeat","background-position":"center center","background-size":"auto","background-attachment":"scroll","background-type":"","background-media":"","overlay-type":"","overlay-color":"","overlay-opacity":"","overlay-gradient":""}},"ast-content-background-meta":{"desktop":{"background-color":"var(--ast-global-color-5)","background-image":"","background-repeat":"repeat","background-position":"center center","background-size":"auto","background-attachment":"scroll","background-type":"","background-media":"","overlay-type":"","overlay-color":"","overlay-opacity":"","overlay-gradient":""},"tablet":{"background-color":"var(--ast-global-color-5)","background-image":"","background-repeat":"repeat","background-position":"center center","background-size":"auto","background-attachment":"scroll","background-type":"","background-media":"","overlay-type":"","overlay-color":"","overlay-opacity":"","overlay-gradient":""},"mobile":{"background-color":"var(--ast-global-color-5)","background-image":"","background-repeat":"repeat","background-position":"center center","background-size":"auto","background-attachment":"scroll","background-type":"","background-media":"","overlay-type":"","overlay-color":"","overlay-opacity":"","overlay-gradient":""}},"footnotes":""},"class_list":["post-619","page","type-page","status-publish","hentry"],"yoast_head":"<!-- This site is optimized with the Yoast SEO plugin v26.8 - https:\/\/yoast.com\/product\/yoast-seo-wordpress\/ -->\n<title>Privaatsuspoliitika - Grassy Sports<\/title>\n<meta name=\"robots\" content=\"index, follow, max-snippet:-1, max-image-preview:large, max-video-preview:-1\" \/>\n<link rel=\"canonical\" href=\"https:\/\/grassysports.ee\/en\/privaatsuspoliitika\/\" \/>\n<meta property=\"og:locale\" content=\"en_GB\" \/>\n<meta property=\"og:type\" content=\"article\" \/>\n<meta property=\"og:title\" content=\"Privaatsuspoliitika - Grassy Sports\" \/>\n<meta property=\"og:description\" content=\"Privaatsuspoliitika 1. \u00dclds\u00e4tted K\u00e4esolev privaatsuspoliitika m\u00e4\u00e4rab kindlaks, kuidas Grassy Sports O\u00dc (edaspidi &#8220;Ettev\u00f5te&#8221;), kes on PaddleSmash m\u00e4ngu ametlik edasim\u00fc\u00fcja ja [&hellip;]\" \/>\n<meta property=\"og:url\" content=\"https:\/\/grassysports.ee\/en\/privaatsuspoliitika\/\" \/>\n<meta property=\"og:site_name\" content=\"Grassy Sports\" \/>\n<meta property=\"article:modified_time\" content=\"2025-05-27T08:37:18+00:00\" \/>\n<meta name=\"twitter:card\" content=\"summary_large_image\" \/>\n<meta name=\"twitter:label1\" content=\"Estimated reading time\" \/>\n\t<meta name=\"twitter:data1\" content=\"2 minutes\" \/>\n<script type=\"application\/ld+json\" class=\"yoast-schema-graph\">{\"@context\":\"https:\/\/schema.org\",\"@graph\":[{\"@type\":\"WebPage\",\"@id\":\"https:\/\/grassysports.ee\/en\/privaatsuspoliitika\/\",\"url\":\"https:\/\/grassysports.ee\/en\/privaatsuspoliitika\/\",\"name\":\"Privaatsuspoliitika - Grassy Sports\",\"isPartOf\":{\"@id\":\"https:\/\/grassysports.ee\/#website\"},\"datePublished\":\"2024-07-30T12:15:50+00:00\",\"dateModified\":\"2025-05-27T08:37:18+00:00\",\"breadcrumb\":{\"@id\":\"https:\/\/grassysports.ee\/en\/privaatsuspoliitika\/#breadcrumb\"},\"inLanguage\":\"en-GB\",\"potentialAction\":[{\"@type\":\"ReadAction\",\"target\":[\"https:\/\/grassysports.ee\/en\/privaatsuspoliitika\/\"]}]},{\"@type\":\"BreadcrumbList\",\"@id\":\"https:\/\/grassysports.ee\/en\/privaatsuspoliitika\/#breadcrumb\",\"itemListElement\":[{\"@type\":\"ListItem\",\"position\":1,\"name\":\"Home\",\"item\":\"https:\/\/www.grassysports.ee\/\"},{\"@type\":\"ListItem\",\"position\":2,\"name\":\"Privaatsuspoliitika\"}]},{\"@type\":\"WebSite\",\"@id\":\"https:\/\/grassysports.ee\/#website\",\"url\":\"https:\/\/grassysports.ee\/\",\"name\":\"Grassy Sports\",\"description\":\"\",\"publisher\":{\"@id\":\"https:\/\/grassysports.ee\/#organization\"},\"potentialAction\":[{\"@type\":\"SearchAction\",\"target\":{\"@type\":\"EntryPoint\",\"urlTemplate\":\"https:\/\/grassysports.ee\/?s={search_term_string}\"},\"query-input\":{\"@type\":\"PropertyValueSpecification\",\"valueRequired\":true,\"valueName\":\"search_term_string\"}}],\"inLanguage\":\"en-GB\"},{\"@type\":\"Organization\",\"@id\":\"https:\/\/grassysports.ee\/#organization\",\"name\":\"Grassy Sports\",\"url\":\"https:\/\/grassysports.ee\/\",\"logo\":{\"@type\":\"ImageObject\",\"inLanguage\":\"en-GB\",\"@id\":\"https:\/\/grassysports.ee\/#\/schema\/logo\/image\/\",\"url\":\"https:\/\/grassysports.ee\/wp-content\/uploads\/2024\/07\/cropped-cropped-Transparent-Logo.png\",\"contentUrl\":\"https:\/\/grassysports.ee\/wp-content\/uploads\/2024\/07\/cropped-cropped-Transparent-Logo.png\",\"width\":1726,\"height\":1698,\"caption\":\"Grassy Sports\"},\"image\":{\"@id\":\"https:\/\/grassysports.ee\/#\/schema\/logo\/image\/\"}}]}<\/script>\n<!-- \/ Yoast SEO plugin. -->","yoast_head_json":{"title":"Privaatsuspoliitika - Grassy Sports","robots":{"index":"index","follow":"follow","max-snippet":"max-snippet:-1","max-image-preview":"max-image-preview:large","max-video-preview":"max-video-preview:-1"},"canonical":"https:\/\/grassysports.ee\/en\/privaatsuspoliitika\/","og_locale":"en_GB","og_type":"article","og_title":"Privaatsuspoliitika - Grassy Sports","og_description":"Privaatsuspoliitika 1. \u00dclds\u00e4tted K\u00e4esolev privaatsuspoliitika m\u00e4\u00e4rab kindlaks, kuidas Grassy Sports O\u00dc (edaspidi &#8220;Ettev\u00f5te&#8221;), kes on PaddleSmash m\u00e4ngu ametlik edasim\u00fc\u00fcja ja [&hellip;]","og_url":"https:\/\/grassysports.ee\/en\/privaatsuspoliitika\/","og_site_name":"Grassy Sports","article_modified_time":"2025-05-27T08:37:18+00:00","twitter_card":"summary_large_image","twitter_misc":{"Estimated reading time":"2 minutes"},"schema":{"@context":"https:\/\/schema.org","@graph":[{"@type":"WebPage","@id":"https:\/\/grassysports.ee\/en\/privaatsuspoliitika\/","url":"https:\/\/grassysports.ee\/en\/privaatsuspoliitika\/","name":"Privaatsuspoliitika - Grassy Sports","isPartOf":{"@id":"https:\/\/grassysports.ee\/#website"},"datePublished":"2024-07-30T12:15:50+00:00","dateModified":"2025-05-27T08:37:18+00:00","breadcrumb":{"@id":"https:\/\/grassysports.ee\/en\/privaatsuspoliitika\/#breadcrumb"},"inLanguage":"en-GB","potentialAction":[{"@type":"ReadAction","target":["https:\/\/grassysports.ee\/en\/privaatsuspoliitika\/"]}]},{"@type":"BreadcrumbList","@id":"https:\/\/grassysports.ee\/en\/privaatsuspoliitika\/#breadcrumb","itemListElement":[{"@type":"ListItem","position":1,"name":"Home","item":"https:\/\/www.grassysports.ee\/"},{"@type":"ListItem","position":2,"name":"Privaatsuspoliitika"}]},{"@type":"WebSite","@id":"https:\/\/grassysports.ee\/#website","url":"https:\/\/grassysports.ee\/","name":"Grassy Sports","description":"","publisher":{"@id":"https:\/\/grassysports.ee\/#organization"},"potentialAction":[{"@type":"SearchAction","target":{"@type":"EntryPoint","urlTemplate":"https:\/\/grassysports.ee\/?s={search_term_string}"},"query-input":{"@type":"PropertyValueSpecification","valueRequired":true,"valueName":"search_term_string"}}],"inLanguage":"en-GB"},{"@type":"Organization","@id":"https:\/\/grassysports.ee\/#organization","name":"Grassy Sports","url":"https:\/\/grassysports.ee\/","logo":{"@type":"ImageObject","inLanguage":"en-GB","@id":"https:\/\/grassysports.ee\/#\/schema\/logo\/image\/","url":"https:\/\/grassysports.ee\/wp-content\/uploads\/2024\/07\/cropped-cropped-Transparent-Logo.png","contentUrl":"https:\/\/grassysports.ee\/wp-content\/uploads\/2024\/07\/cropped-cropped-Transparent-Logo.png","width":1726,"height":1698,"caption":"Grassy Sports"},"image":{"@id":"https:\/\/grassysports.ee\/#\/schema\/logo\/image\/"}}]}},"jetpack_sharing_enabled":true,"_links":{"self":[{"href":"https:\/\/grassysports.ee\/en\/wp-json\/wp\/v2\/pages\/619","targetHints":{"allow":["GET"]}}],"collection":[{"href":"https:\/\/grassysports.ee\/en\/wp-json\/wp\/v2\/pages"}],"about":[{"href":"https:\/\/grassysports.ee\/en\/wp-json\/wp\/v2\/types\/page"}],"author":[{"embeddable":true,"href":"https:\/\/grassysports.ee\/en\/wp-json\/wp\/v2\/users\/1"}],"replies":[{"embeddable":true,"href":"https:\/\/grassysports.ee\/en\/wp-json\/wp\/v2\/comments?post=619"}],"version-history":[{"count":5,"href":"https:\/\/grassysports.ee\/en\/wp-json\/wp\/v2\/pages\/619\/revisions"}],"predecessor-version":[{"id":945,"href":"https:\/\/grassysports.ee\/en\/wp-json\/wp\/v2\/pages\/619\/revisions\/945"}],"wp:attachment":[{"href":"https:\/\/grassysports.ee\/en\/wp-json\/wp\/v2\/media?parent=619"}],"curies":[{"name":"wp","href":"https:\/\/api.w.org\/{rel}","templated":true}]}}